{"id":823,"date":"2017-06-10T08:24:41","date_gmt":"2017-06-10T06:24:41","guid":{"rendered":"http:\/\/xtratheme.comwinery\/?page_id=6"},"modified":"2023-07-01T01:46:52","modified_gmt":"2023-06-30T23:46:52","slug":"a-propos","status":"publish","type":"page","link":"https:\/\/lookatme-biocosmetiques.barma-solutions.com\/index.php\/a-propos\/","title":{"rendered":"A Propos"},"content":{"rendered":"<section class=\"wpb-content-wrapper\"><p>[vc_row full_width=&#8221;stretch_row_content_no_spaces&#8221; content_placement=&#8221;middle&#8221;][vc_column width=&#8221;1\/2&#8243;]<div class=\"cz_eqh cz_content_box_parent_fx  \"><div id=\"cz_79193\" class=\"cz_79193 cz_content_box clr\"><div class=\"cz_box_front clr\"><div class=\"cz_box_front_inner clr \"><span><\/span><div><div class=\"cz_gap clr \" style=\"height: 30px\"><\/div><div id=\"cz_30604\" class=\"cz_30604 cz_title clr cz_mobile_text_center cz_title_pos_inline\"><div class=\"cz_title_shape shape_text cz_shape_1\">LOOKATME<\/div><div class=\"cz_title_content\"><div class=\"cz_wpe_content\"><h2 style=\"text-align: left;\">Pr\u00e9sentation<\/h2>\n<\/div><span class=\"cz_line_side_solo cz_line_side_after\">_<\/span><\/div><\/div><div class=\"cz_gap clr  hide_on_mobile\" style=\"height: 50px\"><\/div><div class=\"cz_gap show_on_mobile clr\" style=\"height: 30px\"><\/div><div id=\"cz_81570\" class=\"cz_81570 cz_title clr cz_mobile_text_center cz_title_pos_inline\"><div class=\"cz_title_content\"><div class=\"cz_wpe_content\"><div>La composition des produits cosm\u00e9tiques nous laisse dubitatifs. Substances chimiques controvers\u00e9es, potentiellement dangereuses pour la sant\u00e9 et composants nocifs pour l\u2019environnement, nous nous sommes tous demand\u00e9s ce que nous risquions en utilisant de mani\u00e8re r\u00e9guli\u00e8re ces produits.<br \/>\nMais depuis quelques ann\u00e9es, les produits cosm\u00e9tiques naturels, biologiques et v\u00e9gan sont devenus une alternative n\u00e9cessaire et connaissent sans surprise un succ\u00e8s grandissant.<\/div>\n<\/div><\/div><\/div><div class=\"cz_gap clr  hide_on_mobile\" style=\"height: 20px\"><\/div><div class=\"cz_gap show_on_mobile clr\" style=\"height: 40px\"><\/div><\/div><\/div><\/div><\/div><\/div>[\/vc_column][vc_column width=&#8221;1\/2&#8243; offset=&#8221;vc_hidden-sm vc_hidden-xs&#8221;]<div id=\"cz1402\" class=\"cz1402 slick arrows_mlr no_dots arrows_inner arrows_show_on_hover\" data-slick='{\"selector\":\"\",\"slidesToShow\":1,\"slidesToScroll\":1,\"rows\":1,\"fade\":false,\"vertical\":false,\"verticalSwiping\":false,\"infinite\":true,\"speed\":1000,\"swipeToSlide\":true,\"centerMode\":false,\"centerPadding\":\"\",\"variableWidth\":false,\"autoplay\":false,\"autoplaySpeed\":4000,\"dots\":true,\"counts\":false,\"adaptiveHeight\":false,\"responsive\":[{\"breakpoint\":769,\"settings\":{\"slidesToShow\":1,\"slidesToScroll\":1,\"touchMove\":true}},{\"breakpoint\":481,\"settings\":{\"slidesToShow\":1,\"slidesToScroll\":1,\"touchMove\":true}}]}' data-slick-prev=\"fa czico-190-arrows\" data-slick-next=\"fa czico-189-arrows-1\"><div id=\"cz_102308\" class=\"cz_grid_p cz_102308\"><div class=\"cz_grid cz_grid_1 clr cz_grid_carousel cz_grid_1_no_hover cz_grid_1_mid tac cz_grid_disable_links\" data-gap=\"0\"><div class=\"cz_grid_item cz_grid_first\"><\/div><div class=\"cz_grid_item \"><div><a class=\"cz_grid_link \" href=\"https:\/\/lookatme-biocosmetiques.barma-solutions.com\/wp-content\/uploads\/2023\/07\/fille-se-sentant-paresseuse-veut-rester-maison-manger-collations-pres-television-tenant-main-tete-jouant-cheveux-boucles-faisant-regards-coquins-effrontes-avant-scaled.jpg\" data-xtra-lightbox><img width=\"2560\" height=\"1707\" src=\"data:image\/svg+xml,%3Csvg%20xmlns%3D&#39;http%3A%2F%2Fwww.w3.org%2F2000%2Fsvg&#39;%20width=&#39;2560&#39;%20height=&#39;1707&#39;%20viewBox%3D&#39;0%200%202560%201707&#39;%2F%3E\" data-czlz data-src=\"https:\/\/lookatme-biocosmetiques.barma-solutions.com\/wp-content\/uploads\/2023\/07\/fille-se-sentant-paresseuse-veut-rester-maison-manger-collations-pres-television-tenant-main-tete-jouant-cheveux-boucles-faisant-regards-coquins-effrontes-avant-scaled.jpg\" class=\"attachment-full\" alt=\"\" decoding=\"async\" title=\"Girl feeling lazy wanna stay home and eat snacks near tv holding\" data-srcset=\"https:\/\/lookatme-biocosmetiques.barma-solutions.com\/wp-content\/uploads\/2023\/07\/fille-se-sentant-paresseuse-veut-rester-maison-manger-collations-pres-television-tenant-main-tete-jouant-cheveux-boucles-faisant-regards-coquins-effrontes-avant-scaled.jpg 2560w, https:\/\/lookatme-biocosmetiques.barma-solutions.com\/wp-content\/uploads\/2023\/07\/fille-se-sentant-paresseuse-veut-rester-maison-manger-collations-pres-television-tenant-main-tete-jouant-cheveux-boucles-faisant-regards-coquins-effrontes-avant-300x200.jpg 300w, https:\/\/lookatme-biocosmetiques.barma-solutions.com\/wp-content\/uploads\/2023\/07\/fille-se-sentant-paresseuse-veut-rester-maison-manger-collations-pres-television-tenant-main-tete-jouant-cheveux-boucles-faisant-regards-coquins-effrontes-avant-1024x683.jpg 1024w, https:\/\/lookatme-biocosmetiques.barma-solutions.com\/wp-content\/uploads\/2023\/07\/fille-se-sentant-paresseuse-veut-rester-maison-manger-collations-pres-television-tenant-main-tete-jouant-cheveux-boucles-faisant-regards-coquins-effrontes-avant-768x512.jpg 768w, https:\/\/lookatme-biocosmetiques.barma-solutions.com\/wp-content\/uploads\/2023\/07\/fille-se-sentant-paresseuse-veut-rester-maison-manger-collations-pres-television-tenant-main-tete-jouant-cheveux-boucles-faisant-regards-coquins-effrontes-avant-1536x1024.jpg 1536w, https:\/\/lookatme-biocosmetiques.barma-solutions.com\/wp-content\/uploads\/2023\/07\/fille-se-sentant-paresseuse-veut-rester-maison-manger-collations-pres-television-tenant-main-tete-jouant-cheveux-boucles-faisant-regards-coquins-effrontes-avant-2048x1365.jpg 2048w, https:\/\/lookatme-biocosmetiques.barma-solutions.com\/wp-content\/uploads\/2023\/07\/fille-se-sentant-paresseuse-veut-rester-maison-manger-collations-pres-television-tenant-main-tete-jouant-cheveux-boucles-faisant-regards-coquins-effrontes-avant-600x400.jpg 600w\" data-sizes=\"(max-width: 2560px) 100vw, 2560px\" \/><div class=\"cz_grid_details\"><i class=\"fa fa-search cz_grid_icon\"><\/i><\/div><\/a><\/div><\/div><div class=\"cz_grid_item \"><div><a class=\"cz_grid_link \" href=\"https:\/\/lookatme-biocosmetiques.barma-solutions.com\/wp-content\/uploads\/2023\/05\/beautiful-woman-with-curls-makeup-scaled.jpg\" data-xtra-lightbox><img width=\"2560\" height=\"1707\" src=\"data:image\/svg+xml,%3Csvg%20xmlns%3D&#39;http%3A%2F%2Fwww.w3.org%2F2000%2Fsvg&#39;%20width=&#39;2560&#39;%20height=&#39;1707&#39;%20viewBox%3D&#39;0%200%202560%201707&#39;%2F%3E\" data-czlz data-src=\"https:\/\/lookatme-biocosmetiques.barma-solutions.com\/wp-content\/uploads\/2023\/05\/beautiful-woman-with-curls-makeup-scaled.jpg\" class=\"attachment-full\" alt=\"\" decoding=\"async\" title=\"Beautiful woman with curls and makeup\" data-srcset=\"https:\/\/lookatme-biocosmetiques.barma-solutions.com\/wp-content\/uploads\/2023\/05\/beautiful-woman-with-curls-makeup-scaled.jpg 2560w, https:\/\/lookatme-biocosmetiques.barma-solutions.com\/wp-content\/uploads\/2023\/05\/beautiful-woman-with-curls-makeup-300x200.jpg 300w, https:\/\/lookatme-biocosmetiques.barma-solutions.com\/wp-content\/uploads\/2023\/05\/beautiful-woman-with-curls-makeup-1024x683.jpg 1024w, https:\/\/lookatme-biocosmetiques.barma-solutions.com\/wp-content\/uploads\/2023\/05\/beautiful-woman-with-curls-makeup-768x512.jpg 768w, https:\/\/lookatme-biocosmetiques.barma-solutions.com\/wp-content\/uploads\/2023\/05\/beautiful-woman-with-curls-makeup-1536x1024.jpg 1536w, https:\/\/lookatme-biocosmetiques.barma-solutions.com\/wp-content\/uploads\/2023\/05\/beautiful-woman-with-curls-makeup-2048x1365.jpg 2048w, https:\/\/lookatme-biocosmetiques.barma-solutions.com\/wp-content\/uploads\/2023\/05\/beautiful-woman-with-curls-makeup-600x400.jpg 600w\" data-sizes=\"(max-width: 2560px) 100vw, 2560px\" \/><div class=\"cz_grid_details\"><i class=\"fa fa-search cz_grid_icon\"><\/i><\/div><\/a><\/div><\/div><div class=\"cz_grid_item \"><div><a class=\"cz_grid_link \" href=\"https:\/\/lookatme-biocosmetiques.barma-solutions.com\/wp-content\/uploads\/2023\/06\/maman-aidant-son-enfant-coiffer-cheveux-afro-scaled.jpg\" data-xtra-lightbox><img width=\"2560\" height=\"1707\" src=\"data:image\/svg+xml,%3Csvg%20xmlns%3D&#39;http%3A%2F%2Fwww.w3.org%2F2000%2Fsvg&#39;%20width=&#39;2560&#39;%20height=&#39;1707&#39;%20viewBox%3D&#39;0%200%202560%201707&#39;%2F%3E\" data-czlz data-src=\"https:\/\/lookatme-biocosmetiques.barma-solutions.com\/wp-content\/uploads\/2023\/06\/maman-aidant-son-enfant-coiffer-cheveux-afro-scaled.jpg\" class=\"attachment-full\" alt=\"\" decoding=\"async\" title=\"maman-aidant-son-enfant-coiffer-cheveux-afro\" data-srcset=\"https:\/\/lookatme-biocosmetiques.barma-solutions.com\/wp-content\/uploads\/2023\/06\/maman-aidant-son-enfant-coiffer-cheveux-afro-scaled.jpg 2560w, https:\/\/lookatme-biocosmetiques.barma-solutions.com\/wp-content\/uploads\/2023\/06\/maman-aidant-son-enfant-coiffer-cheveux-afro-300x200.jpg 300w, https:\/\/lookatme-biocosmetiques.barma-solutions.com\/wp-content\/uploads\/2023\/06\/maman-aidant-son-enfant-coiffer-cheveux-afro-1024x683.jpg 1024w, https:\/\/lookatme-biocosmetiques.barma-solutions.com\/wp-content\/uploads\/2023\/06\/maman-aidant-son-enfant-coiffer-cheveux-afro-768x512.jpg 768w, https:\/\/lookatme-biocosmetiques.barma-solutions.com\/wp-content\/uploads\/2023\/06\/maman-aidant-son-enfant-coiffer-cheveux-afro-1536x1024.jpg 1536w, https:\/\/lookatme-biocosmetiques.barma-solutions.com\/wp-content\/uploads\/2023\/06\/maman-aidant-son-enfant-coiffer-cheveux-afro-2048x1365.jpg 2048w, https:\/\/lookatme-biocosmetiques.barma-solutions.com\/wp-content\/uploads\/2023\/06\/maman-aidant-son-enfant-coiffer-cheveux-afro-600x400.jpg 600w\" data-sizes=\"(max-width: 2560px) 100vw, 2560px\" \/><div class=\"cz_grid_details\"><i class=\"fa fa-search cz_grid_icon\"><\/i><\/div><\/a><\/div><\/div><\/div><\/div><\/div><div data-cz-style='#cz1402 .slick-prev{font-size:28px;color:#ffffff}#cz1402 .slick-next{font-size:28px;color:#ffffff}#cz1402 .slick-list{margin: 0 -0px;clip-path:inset(0 0px 0 0px)}#cz1402 .slick-slide{margin: 0 0px}'><\/div>[\/vc_column][\/vc_row][vc_row full_width=&#8221;stretch_row_content_no_spaces&#8221; equal_height=&#8221;yes&#8221; content_placement=&#8221;middle&#8221;][vc_column width=&#8221;1\/2&#8243; css=&#8221;.vc_custom_1683987799157{background-image: url(https:\/\/lookatme-biocosmetiques.barma-solutions.com\/wp-content\/uploads\/2023\/05\/portrait-beautiful-woman-with-long-straight-brown-hair-studio-scaled.jpg?id=899) !important;background-position: center !important;background-repeat: no-repeat !important;background-size: cover !important;}&#8221; offset=&#8221;vc_col-xs-12&#8243;]<div class=\"cz_gap clr \" style=\"height: 600px\"><\/div>[\/vc_column][vc_column width=&#8221;1\/2&#8243; css=&#8221;.vc_custom_1500554500154{padding-top: 50px !important;padding-right: 70px !important;padding-left: 70px !important;background-color: rgba(225,187,135,0.05) !important;}&#8221;]<div class=\"cz_gap clr  hide_on_mobile\" style=\"height: 60px\"><\/div><div class=\"cz_gap show_on_mobile clr\" style=\"height: 30px\"><\/div><div id=\"cz_40291\" class=\"cz_40291 cz_title clr cz_mobile_text_center cz_title_pos_inline\"><div class=\"cz_title_shape shape_text cz_shape_1\">LOOKATME<\/div><div class=\"cz_title_content\"><div class=\"cz_wpe_content\"><h2 style=\"text-align: left;\">Sant\u00e9 et Environnement<\/h2>\n<\/div><span class=\"cz_line_side_solo cz_line_side_after\">_<\/span><\/div><\/div><div class=\"cz_gap clr  hide_on_mobile\" style=\"height: 60px\"><\/div><div class=\"cz_gap show_on_mobile clr\" style=\"height: 30px\"><\/div><div id=\"cz_23929\" class=\"cz_23929 cz_title clr cz_mobile_text_center cz_title_pos_inline\"><div class=\"cz_title_content\"><div class=\"cz_wpe_content\"><p>En plus d\u2019\u00eatre respectueux de la sant\u00e9 et de l\u2019environnement, les produits cosm\u00e9tiques naturels bio et v\u00e9gan sont tr\u00e8s efficace pour redonner aux cheveux et \u00e0 la peau toute leur vitalit\u00e9. N\u2019agressant pas la peau et le cuir du chevelu, ont un pouvoir d\u00e9toxifiant et purifiant.<br \/>\nL\u2019objectif de LOOKATME est de vous proposer des produits cosm\u00e9tiques naturels, biologique et v\u00e9gan de haute qualit\u00e9 dont l\u2019efficacit\u00e9 n\u2019est plus \u00e0 prouver, \u00e0 des prix avantageux.<\/p>\n<\/div><\/div><\/div><div class=\"cz_gap clr  hide_on_mobile\" style=\"height: 35px\"><\/div><div class=\"cz_gap show_on_mobile clr\" style=\"height: 20px\"><\/div><div class=\"cz_gap clr  hide_on_mobile\" style=\"height: 60px\"><\/div><div class=\"cz_gap show_on_mobile clr\" style=\"height: 10px\"><\/div>[\/vc_column][\/vc_row][vc_row][vc_column]<div class=\"cz_gap clr  hide_on_mobile\" style=\"height: 100px\"><\/div><div class=\"cz_gap show_on_mobile clr\" style=\"height: 70px\"><\/div>[\/vc_column][\/vc_row][vc_row][vc_column][\/vc_column][\/vc_row]<\/p>\n<\/section>","protected":false},"excerpt":{"rendered":"<p>[vc_row full_width=&#8221;stretch_row_content_no_spaces&#8221; content_placement=&#8221;middle&#8221;][vc_column width=&#8221;1\/2&#8243;][\/vc_column][vc_column width=&#8221;1\/2&#8243; offset=&#8221;vc_hidden-sm vc_hidden-xs&#8221;][\/vc_column][\/vc_row][vc_row full_width=&#8221;stretch_row_content_no_spaces&#8221; equal_height=&#8221;yes&#8221; content_placement=&#8221;middle&#8221;][vc_column width=&#8221;1\/2&#8243; &#8230; <\/p>\n","protected":false},"author":1,"featured_media":0,"parent":0,"menu_order":0,"comment_status":"closed","ping_status":"closed","template":"","meta":[],"_links":{"self":[{"href":"https:\/\/lookatme-biocosmetiques.barma-solutions.com\/index.php\/wp-json\/wp\/v2\/pages\/823"}],"collection":[{"href":"https:\/\/lookatme-biocosmetiques.barma-solutions.com\/index.php\/wp-json\/wp\/v2\/pages"}],"about":[{"href":"https:\/\/lookatme-biocosmetiques.barma-solutions.com\/index.php\/wp-json\/wp\/v2\/types\/page"}],"author":[{"embeddable":true,"href":"https:\/\/lookatme-biocosmetiques.barma-solutions.com\/index.php\/wp-json\/wp\/v2\/users\/1"}],"replies":[{"embeddable":true,"href":"https:\/\/lookatme-biocosmetiques.barma-solutions.com\/index.php\/wp-json\/wp\/v2\/comments?post=823"}],"version-history":[{"count":8,"href":"https:\/\/lookatme-biocosmetiques.barma-solutions.com\/index.php\/wp-json\/wp\/v2\/pages\/823\/revisions"}],"predecessor-version":[{"id":1129,"href":"https:\/\/lookatme-biocosmetiques.barma-solutions.com\/index.php\/wp-json\/wp\/v2\/pages\/823\/revisions\/1129"}],"wp:attachment":[{"href":"https:\/\/lookatme-biocosmetiques.barma-solutions.com\/index.php\/wp-json\/wp\/v2\/media?parent=823"}],"curies":[{"name":"wp","href":"https:\/\/api.w.org\/{rel}","templated":true}]}}