{"id":1001,"date":"2023-06-24T19:05:29","date_gmt":"2023-06-24T17:05:29","guid":{"rendered":"https:\/\/lookatme-biocosmetiques.barma-solutions.com\/?post_type=product&#038;p=1001"},"modified":"2023-06-24T19:08:51","modified_gmt":"2023-06-24T17:08:51","slug":"shampooing-2-en-1-zero-poux-quantite-6","status":"publish","type":"product","link":"https:\/\/lookatme-biocosmetiques.barma-solutions.com\/index.php\/produit\/shampooing-2-en-1-zero-poux-quantite-6\/","title":{"rendered":"Shampooing 2 en 1 Z\u00e9ro Poux ( quantit\u00e9 6)"},"content":{"rendered":"","protected":false},"excerpt":{"rendered":"<p>Le Shampooing 2-en-1 Z\u00e9ro Poux va venir nettoyer le cheveux en &#8230; <\/p>\n","protected":false},"featured_media":1003,"comment_status":"open","ping_status":"closed","template":"","meta":[],"product_cat":[150,151,138,148,147,149,141],"product_tag":[],"_links":{"self":[{"href":"https:\/\/lookatme-biocosmetiques.barma-solutions.com\/index.php\/wp-json\/wp\/v3\/product\/1001"}],"collection":[{"href":"https:\/\/lookatme-biocosmetiques.barma-solutions.com\/index.php\/wp-json\/wp\/v3\/product"}],"about":[{"href":"https:\/\/lookatme-biocosmetiques.barma-solutions.com\/index.php\/wp-json\/wp\/v2\/types\/product"}],"replies":[{"embeddable":true,"href":"https:\/\/lookatme-biocosmetiques.barma-solutions.com\/index.php\/wp-json\/wp\/v2\/comments?post=1001"}],"wp:featuredmedia":[{"embeddable":true,"href":"https:\/\/lookatme-biocosmetiques.barma-solutions.com\/index.php\/wp-json\/wp\/v2\/media\/1003"}],"wp:attachment":[{"href":"https:\/\/lookatme-biocosmetiques.barma-solutions.com\/index.php\/wp-json\/wp\/v2\/media?parent=1001"}],"wp:term":[{"taxonomy":"product_cat","embeddable":true,"href":"https:\/\/lookatme-biocosmetiques.barma-solutions.com\/index.php\/wp-json\/wp\/v2\/product_cat?post=1001"},{"taxonomy":"product_tag","embeddable":true,"href":"https:\/\/lookatme-biocosmetiques.barma-solutions.com\/index.php\/wp-json\/wp\/v2\/product_tag?post=1001"}],"curies":[{"name":"wp","href":"https:\/\/api.w.org\/{rel}","templated":true}]}}