{"id":1203,"date":"2023-07-23T17:40:45","date_gmt":"2023-07-23T15:40:45","guid":{"rendered":"https:\/\/lookatme-biocosmetiques.barma-solutions.com\/?post_type=product&#038;p=1203"},"modified":"2023-07-23T18:25:06","modified_gmt":"2023-07-23T16:25:06","slug":"amend-cachos-pour-cheveux-crepus-frises-boucles-250ml","status":"publish","type":"product","link":"https:\/\/lookatme-biocosmetiques.barma-solutions.com\/index.php\/produit\/amend-cachos-pour-cheveux-crepus-frises-boucles-250ml\/","title":{"rendered":"AMEND CACHOS pour cheveux Cr\u00e9pus, Fris\u00e9s, Boucl\u00e9s. 250ML; 100% VEGAN"},"content":{"rendered":"","protected":false},"excerpt":{"rendered":"<p>Le shampooing Amend Cachos\u00a0est fait pour prendre soin de vos boucles\u00a0: &#8230; <\/p>\n","protected":false},"featured_media":1205,"comment_status":"open","ping_status":"closed","template":"","meta":[],"product_cat":[150,151,138,148,141],"product_tag":[],"_links":{"self":[{"href":"https:\/\/lookatme-biocosmetiques.barma-solutions.com\/index.php\/wp-json\/wp\/v3\/product\/1203"}],"collection":[{"href":"https:\/\/lookatme-biocosmetiques.barma-solutions.com\/index.php\/wp-json\/wp\/v3\/product"}],"about":[{"href":"https:\/\/lookatme-biocosmetiques.barma-solutions.com\/index.php\/wp-json\/wp\/v2\/types\/product"}],"replies":[{"embeddable":true,"href":"https:\/\/lookatme-biocosmetiques.barma-solutions.com\/index.php\/wp-json\/wp\/v2\/comments?post=1203"}],"wp:featuredmedia":[{"embeddable":true,"href":"https:\/\/lookatme-biocosmetiques.barma-solutions.com\/index.php\/wp-json\/wp\/v2\/media\/1205"}],"wp:attachment":[{"href":"https:\/\/lookatme-biocosmetiques.barma-solutions.com\/index.php\/wp-json\/wp\/v2\/media?parent=1203"}],"wp:term":[{"taxonomy":"product_cat","embeddable":true,"href":"https:\/\/lookatme-biocosmetiques.barma-solutions.com\/index.php\/wp-json\/wp\/v2\/product_cat?post=1203"},{"taxonomy":"product_tag","embeddable":true,"href":"https:\/\/lookatme-biocosmetiques.barma-solutions.com\/index.php\/wp-json\/wp\/v2\/product_tag?post=1203"}],"curies":[{"name":"wp","href":"https:\/\/api.w.org\/{rel}","templated":true}]}}