{"id":1230,"date":"2023-07-23T18:37:58","date_gmt":"2023-07-23T16:37:58","guid":{"rendered":"https:\/\/lookatme-biocosmetiques.barma-solutions.com\/?post_type=product&#038;p=1230"},"modified":"2023-07-23T18:40:12","modified_gmt":"2023-07-23T16:40:12","slug":"3-amend-botanic-beauty-herbal-apres-shampooing-pour-cheveux-abimes-250ml-vegan-94-dingredients-naturels","status":"publish","type":"product","link":"https:\/\/lookatme-biocosmetiques.barma-solutions.com\/index.php\/produit\/3-amend-botanic-beauty-herbal-apres-shampooing-pour-cheveux-abimes-250ml-vegan-94-dingredients-naturels\/","title":{"rendered":"3-\tAmend Botanic Beauty Herbal | Apr\u00e8s-shampooing pour cheveux ab\u00eem\u00e9s , 250ML, vegan, 94% d\u2019ingr\u00e9dients naturels"},"content":{"rendered":"","protected":false},"excerpt":{"rendered":"<p>DESCRIPTION<\/p>\n<p>Envie de redonner force et vigueur \u00e0 vos cheveux ? D\u00e9couvrez &#8230; <\/p>\n","protected":false},"featured_media":1214,"comment_status":"open","ping_status":"closed","template":"","meta":[],"product_cat":[150,141],"product_tag":[],"_links":{"self":[{"href":"https:\/\/lookatme-biocosmetiques.barma-solutions.com\/index.php\/wp-json\/wp\/v3\/product\/1230"}],"collection":[{"href":"https:\/\/lookatme-biocosmetiques.barma-solutions.com\/index.php\/wp-json\/wp\/v3\/product"}],"about":[{"href":"https:\/\/lookatme-biocosmetiques.barma-solutions.com\/index.php\/wp-json\/wp\/v2\/types\/product"}],"replies":[{"embeddable":true,"href":"https:\/\/lookatme-biocosmetiques.barma-solutions.com\/index.php\/wp-json\/wp\/v2\/comments?post=1230"}],"wp:featuredmedia":[{"embeddable":true,"href":"https:\/\/lookatme-biocosmetiques.barma-solutions.com\/index.php\/wp-json\/wp\/v2\/media\/1214"}],"wp:attachment":[{"href":"https:\/\/lookatme-biocosmetiques.barma-solutions.com\/index.php\/wp-json\/wp\/v2\/media?parent=1230"}],"wp:term":[{"taxonomy":"product_cat","embeddable":true,"href":"https:\/\/lookatme-biocosmetiques.barma-solutions.com\/index.php\/wp-json\/wp\/v2\/product_cat?post=1230"},{"taxonomy":"product_tag","embeddable":true,"href":"https:\/\/lookatme-biocosmetiques.barma-solutions.com\/index.php\/wp-json\/wp\/v2\/product_tag?post=1230"}],"curies":[{"name":"wp","href":"https:\/\/api.w.org\/{rel}","templated":true}]}}