{"id":1259,"date":"2023-07-30T14:15:19","date_gmt":"2023-07-30T12:15:19","guid":{"rendered":"https:\/\/lookatme-biocosmetiques.barma-solutions.com\/?post_type=product&#038;p=1259"},"modified":"2023-07-30T14:19:18","modified_gmt":"2023-07-30T12:19:18","slug":"masque-revitalisant-rythme-blanc-320gr-quantite-2","status":"publish","type":"product","link":"https:\/\/lookatme-biocosmetiques.barma-solutions.com\/index.php\/produit\/masque-revitalisant-rythme-blanc-320gr-quantite-2\/","title":{"rendered":"MASQUE REVITALISANT RYTHME BLANC, 320GR, QUANTITE 2"},"content":{"rendered":"","protected":false},"excerpt":{"rendered":"<p><strong>Cuir chevelu sensible. Pr\u00e9-coloration V\u00e9g\u00e9tale. \u2013 D-TOX<\/strong><\/p>\n<p><strong>DESCRIPTION<\/strong><\/p>\n<ul>\n<li>Le\u00a0<strong>Masque Neutre Rythme Blanc &#8230;<br \/>\n","protected":false},"featured_media":1261,"comment_status":"open","ping_status":"closed","template":"","meta":[],"product_cat":[150,151,138,148,147,149,141],"product_tag":[],"_links":{"self":[{"href":"https:\/\/lookatme-biocosmetiques.barma-solutions.com\/index.php\/wp-json\/wp\/v3\/product\/1259"}],"collection":[{"href":"https:\/\/lookatme-biocosmetiques.barma-solutions.com\/index.php\/wp-json\/wp\/v3\/product"}],"about":[{"href":"https:\/\/lookatme-biocosmetiques.barma-solutions.com\/index.php\/wp-json\/wp\/v2\/types\/product"}],"replies":[{"embeddable":true,"href":"https:\/\/lookatme-biocosmetiques.barma-solutions.com\/index.php\/wp-json\/wp\/v2\/comments?post=1259"}],"wp:featuredmedia":[{"embeddable":true,"href":"https:\/\/lookatme-biocosmetiques.barma-solutions.com\/index.php\/wp-json\/wp\/v2\/media\/1261"}],"wp:attachment":[{"href":"https:\/\/lookatme-biocosmetiques.barma-solutions.com\/index.php\/wp-json\/wp\/v2\/media?parent=1259"}],"wp:term":[{"taxonomy":"product_cat","embeddable":true,"href":"https:\/\/lookatme-biocosmetiques.barma-solutions.com\/index.php\/wp-json\/wp\/v2\/product_cat?post=1259"},{"taxonomy":"product_tag","embeddable":true,"href":"https:\/\/lookatme-biocosmetiques.barma-solutions.com\/index.php\/wp-json\/wp\/v2\/product_tag?post=1259"}],"curies":[{"name":"wp","href":"https:\/\/api.w.org\/{rel}","templated":true}]}}