{"id":1262,"date":"2023-07-30T14:19:27","date_gmt":"2023-07-30T12:19:27","guid":{"rendered":"https:\/\/lookatme-biocosmetiques.barma-solutions.com\/?post_type=product&#038;p=1262"},"modified":"2023-07-30T14:22:27","modified_gmt":"2023-07-30T12:22:27","slug":"shampooing-neutre-rythme-blanc-200-ml","status":"publish","type":"product","link":"https:\/\/lookatme-biocosmetiques.barma-solutions.com\/index.php\/produit\/shampooing-neutre-rythme-blanc-200-ml\/","title":{"rendered":"SHAMPOOING NEUTRE RYTHME BLANC, 200 ML"},"content":{"rendered":"","protected":false},"excerpt":{"rendered":"<p><strong>Cuir chevelu sensible. Pr\u00e9-coloration V\u00e9g\u00e9tale. \u2013 D-TOX<\/strong><\/p>\n<p><strong>DESCRIPTION<\/strong><\/p>\n<ul>\n<li>Le Shampooing Neutre Rythme &#8230;<br \/>\n","protected":false},"featured_media":1264,"comment_status":"open","ping_status":"closed","template":"","meta":[],"product_cat":[150,151,138,148,147,149,141],"product_tag":[],"_links":{"self":[{"href":"https:\/\/lookatme-biocosmetiques.barma-solutions.com\/index.php\/wp-json\/wp\/v3\/product\/1262"}],"collection":[{"href":"https:\/\/lookatme-biocosmetiques.barma-solutions.com\/index.php\/wp-json\/wp\/v3\/product"}],"about":[{"href":"https:\/\/lookatme-biocosmetiques.barma-solutions.com\/index.php\/wp-json\/wp\/v2\/types\/product"}],"replies":[{"embeddable":true,"href":"https:\/\/lookatme-biocosmetiques.barma-solutions.com\/index.php\/wp-json\/wp\/v2\/comments?post=1262"}],"wp:featuredmedia":[{"embeddable":true,"href":"https:\/\/lookatme-biocosmetiques.barma-solutions.com\/index.php\/wp-json\/wp\/v2\/media\/1264"}],"wp:attachment":[{"href":"https:\/\/lookatme-biocosmetiques.barma-solutions.com\/index.php\/wp-json\/wp\/v2\/media?parent=1262"}],"wp:term":[{"taxonomy":"product_cat","embeddable":true,"href":"https:\/\/lookatme-biocosmetiques.barma-solutions.com\/index.php\/wp-json\/wp\/v2\/product_cat?post=1262"},{"taxonomy":"product_tag","embeddable":true,"href":"https:\/\/lookatme-biocosmetiques.barma-solutions.com\/index.php\/wp-json\/wp\/v2\/product_tag?post=1262"}],"curies":[{"name":"wp","href":"https:\/\/api.w.org\/{rel}","templated":true}]}}