{"id":1277,"date":"2023-07-30T14:37:46","date_gmt":"2023-07-30T12:37:46","guid":{"rendered":"https:\/\/lookatme-biocosmetiques.barma-solutions.com\/?post_type=product&#038;p=1277"},"modified":"2023-07-30T14:40:27","modified_gmt":"2023-07-30T12:40:27","slug":"shampooing-structurant-rythme-bleu-200ml","status":"publish","type":"product","link":"https:\/\/lookatme-biocosmetiques.barma-solutions.com\/index.php\/produit\/shampooing-structurant-rythme-bleu-200ml\/","title":{"rendered":"SHAMPOOING STRUCTURANT RYTHME BLEU 200ML"},"content":{"rendered":"","protected":false},"excerpt":{"rendered":"<p><strong>DESCRIPTION<\/strong><\/p>\n<p><strong>Cheveux ab\u00eem\u00e9s et color\u00e9s ou d\u00e9color\u00e9s.<\/strong><\/p>\n<ul>\n<li>Le\u00a0<strong>Shampooing Structurant Rythme Bleu de &#8230;<br \/>\n","protected":false},"featured_media":1279,"comment_status":"open","ping_status":"closed","template":"","meta":[],"product_cat":[150,151,138,148,147,149,141],"product_tag":[],"_links":{"self":[{"href":"https:\/\/lookatme-biocosmetiques.barma-solutions.com\/index.php\/wp-json\/wp\/v3\/product\/1277"}],"collection":[{"href":"https:\/\/lookatme-biocosmetiques.barma-solutions.com\/index.php\/wp-json\/wp\/v3\/product"}],"about":[{"href":"https:\/\/lookatme-biocosmetiques.barma-solutions.com\/index.php\/wp-json\/wp\/v2\/types\/product"}],"replies":[{"embeddable":true,"href":"https:\/\/lookatme-biocosmetiques.barma-solutions.com\/index.php\/wp-json\/wp\/v2\/comments?post=1277"}],"wp:featuredmedia":[{"embeddable":true,"href":"https:\/\/lookatme-biocosmetiques.barma-solutions.com\/index.php\/wp-json\/wp\/v2\/media\/1279"}],"wp:attachment":[{"href":"https:\/\/lookatme-biocosmetiques.barma-solutions.com\/index.php\/wp-json\/wp\/v2\/media?parent=1277"}],"wp:term":[{"taxonomy":"product_cat","embeddable":true,"href":"https:\/\/lookatme-biocosmetiques.barma-solutions.com\/index.php\/wp-json\/wp\/v2\/product_cat?post=1277"},{"taxonomy":"product_tag","embeddable":true,"href":"https:\/\/lookatme-biocosmetiques.barma-solutions.com\/index.php\/wp-json\/wp\/v2\/product_tag?post=1277"}],"curies":[{"name":"wp","href":"https:\/\/api.w.org\/{rel}","templated":true}]}}