{"id":1444,"date":"2023-08-04T17:13:13","date_gmt":"2023-08-04T15:13:13","guid":{"rendered":"https:\/\/lookatme-biocosmetiques.barma-solutions.com\/?post_type=product&#038;p=1444"},"modified":"2023-08-04T17:14:34","modified_gmt":"2023-08-04T15:14:34","slug":"kit-grand-bol-cap-bambou","status":"publish","type":"product","link":"https:\/\/lookatme-biocosmetiques.barma-solutions.com\/index.php\/produit\/kit-grand-bol-cap-bambou\/","title":{"rendered":"KIT : GRAND BOL CAP BAMBOU"},"content":{"rendered":"","protected":false},"excerpt":{"rendered":"<p>CHARLOTTE LAVABLE R\u00c9UTILISABLE GOTS UNITE, EMBALL\u00c9E INDIVIDUELLEMENT et CUILL\u00c8RE EN BAMBOU &#8230; <\/p>\n","protected":false},"featured_media":1446,"comment_status":"open","ping_status":"closed","template":"","meta":[],"product_cat":[141,143],"product_tag":[],"_links":{"self":[{"href":"https:\/\/lookatme-biocosmetiques.barma-solutions.com\/index.php\/wp-json\/wp\/v3\/product\/1444"}],"collection":[{"href":"https:\/\/lookatme-biocosmetiques.barma-solutions.com\/index.php\/wp-json\/wp\/v3\/product"}],"about":[{"href":"https:\/\/lookatme-biocosmetiques.barma-solutions.com\/index.php\/wp-json\/wp\/v2\/types\/product"}],"replies":[{"embeddable":true,"href":"https:\/\/lookatme-biocosmetiques.barma-solutions.com\/index.php\/wp-json\/wp\/v2\/comments?post=1444"}],"wp:featuredmedia":[{"embeddable":true,"href":"https:\/\/lookatme-biocosmetiques.barma-solutions.com\/index.php\/wp-json\/wp\/v2\/media\/1446"}],"wp:attachment":[{"href":"https:\/\/lookatme-biocosmetiques.barma-solutions.com\/index.php\/wp-json\/wp\/v2\/media?parent=1444"}],"wp:term":[{"taxonomy":"product_cat","embeddable":true,"href":"https:\/\/lookatme-biocosmetiques.barma-solutions.com\/index.php\/wp-json\/wp\/v2\/product_cat?post=1444"},{"taxonomy":"product_tag","embeddable":true,"href":"https:\/\/lookatme-biocosmetiques.barma-solutions.com\/index.php\/wp-json\/wp\/v2\/product_tag?post=1444"}],"curies":[{"name":"wp","href":"https:\/\/api.w.org\/{rel}","templated":true}]}}