{"id":203,"date":"2013-06-07T11:25:01","date_gmt":"2013-06-07T09:25:01","guid":{"rendered":"http:\/\/demo.woothemes.com\/woocommerce\/?post_type=product&#038;p=70"},"modified":"2023-06-24T18:43:41","modified_gmt":"2023-06-24T16:43:41","slug":"face-brush","status":"publish","type":"product","link":"https:\/\/lookatme-biocosmetiques.barma-solutions.com\/index.php\/produit\/face-brush\/","title":{"rendered":"Shampooing pour cheveux boucl\u00e9s"},"content":{"rendered":"<p><strong>MODE D&#8217;EMPLOI<\/strong><\/p>\n<p>Appliquer sur cheveux mouill\u00e9s en massant les m\u00e8ches du bout des doigts. Rincez et r\u00e9p\u00e9tez l&#8217;op\u00e9ration. Pour un r\u00e9sultat optimal, utilisez la gamme compl\u00e8te Amend Cachos pour cheveux boucl\u00e9s.<\/p>\n<p>Pr\u00e9cautions : Conserver hors de la port\u00e9e des enfants, dans un endroit frais et \u00e0 l&#8217;abri d&#8217;une forte lumi\u00e8re. Ne pas ing\u00e9rer. En cas de contact avec les yeux, rincer imm\u00e9diatement et abondamment \u00e0 l&#8217;eau. USAGE EXTERNE.<\/p>\n","protected":false},"excerpt":{"rendered":"<p>Le shampooing Amend Cachos\u00a0est fait pour prendre soin de vos boucles\u00a0: &#8230; <\/p>\n","protected":false},"featured_media":906,"comment_status":"open","ping_status":"closed","template":"","meta":[],"product_cat":[138,141],"product_tag":[],"_links":{"self":[{"href":"https:\/\/lookatme-biocosmetiques.barma-solutions.com\/index.php\/wp-json\/wp\/v3\/product\/203"}],"collection":[{"href":"https:\/\/lookatme-biocosmetiques.barma-solutions.com\/index.php\/wp-json\/wp\/v3\/product"}],"about":[{"href":"https:\/\/lookatme-biocosmetiques.barma-solutions.com\/index.php\/wp-json\/wp\/v2\/types\/product"}],"replies":[{"embeddable":true,"href":"https:\/\/lookatme-biocosmetiques.barma-solutions.com\/index.php\/wp-json\/wp\/v2\/comments?post=203"}],"wp:featuredmedia":[{"embeddable":true,"href":"https:\/\/lookatme-biocosmetiques.barma-solutions.com\/index.php\/wp-json\/wp\/v2\/media\/906"}],"wp:attachment":[{"href":"https:\/\/lookatme-biocosmetiques.barma-solutions.com\/index.php\/wp-json\/wp\/v2\/media?parent=203"}],"wp:term":[{"taxonomy":"product_cat","embeddable":true,"href":"https:\/\/lookatme-biocosmetiques.barma-solutions.com\/index.php\/wp-json\/wp\/v2\/product_cat?post=203"},{"taxonomy":"product_tag","embeddable":true,"href":"https:\/\/lookatme-biocosmetiques.barma-solutions.com\/index.php\/wp-json\/wp\/v2\/product_tag?post=203"}],"curies":[{"name":"wp","href":"https:\/\/api.w.org\/{rel}","templated":true}]}}