{"id":901,"date":"2023-05-13T16:39:00","date_gmt":"2023-05-13T14:39:00","guid":{"rendered":"https:\/\/lookatme-biocosmetiques.barma-solutions.com\/?post_type=product&#038;p=901"},"modified":"2023-06-24T18:43:55","modified_gmt":"2023-06-24T16:43:55","slug":"amend-cachos-apres-shampooing-pour-les-cheveux-boucles","status":"publish","type":"product","link":"https:\/\/lookatme-biocosmetiques.barma-solutions.com\/index.php\/produit\/amend-cachos-apres-shampooing-pour-les-cheveux-boucles\/","title":{"rendered":"Apr\u00e8s-Shampooing pour les cheveux boucl\u00e9s"},"content":{"rendered":"<p><strong>MODE D&#8217;EMPLOI<\/strong><\/p>\n<p>Appliquer sur cheveux mouill\u00e9s en massant les m\u00e8ches du bout des doigts.\u00a0Laissez agir 3 minutes et rincez. Pour un r\u00e9sultat optimal, utilisez la gamme compl\u00e8te Amend Cachos pour cheveux boucl\u00e9s.<\/p>\n<p>Pr\u00e9cautions : Conserver hors de la port\u00e9e des enfants, dans un endroit frais et \u00e0 l&#8217;abri d&#8217;une forte lumi\u00e8re. Ne pas ing\u00e9rer. En cas de contact avec les yeux, rincer imm\u00e9diatement et abondamment \u00e0 l&#8217;eau. USAGE EXTERNE.<\/p>\n","protected":false},"excerpt":{"rendered":"<p>L&#8217;apr\u00e8s-shampooing Amend Cachos favorise un soin particulier \u00e0 vos boucles, il &#8230; <\/p>\n","protected":false},"featured_media":903,"comment_status":"open","ping_status":"closed","template":"","meta":[],"product_cat":[138,141],"product_tag":[],"_links":{"self":[{"href":"https:\/\/lookatme-biocosmetiques.barma-solutions.com\/index.php\/wp-json\/wp\/v3\/product\/901"}],"collection":[{"href":"https:\/\/lookatme-biocosmetiques.barma-solutions.com\/index.php\/wp-json\/wp\/v3\/product"}],"about":[{"href":"https:\/\/lookatme-biocosmetiques.barma-solutions.com\/index.php\/wp-json\/wp\/v2\/types\/product"}],"replies":[{"embeddable":true,"href":"https:\/\/lookatme-biocosmetiques.barma-solutions.com\/index.php\/wp-json\/wp\/v2\/comments?post=901"}],"wp:featuredmedia":[{"embeddable":true,"href":"https:\/\/lookatme-biocosmetiques.barma-solutions.com\/index.php\/wp-json\/wp\/v2\/media\/903"}],"wp:attachment":[{"href":"https:\/\/lookatme-biocosmetiques.barma-solutions.com\/index.php\/wp-json\/wp\/v2\/media?parent=901"}],"wp:term":[{"taxonomy":"product_cat","embeddable":true,"href":"https:\/\/lookatme-biocosmetiques.barma-solutions.com\/index.php\/wp-json\/wp\/v2\/product_cat?post=901"},{"taxonomy":"product_tag","embeddable":true,"href":"https:\/\/lookatme-biocosmetiques.barma-solutions.com\/index.php\/wp-json\/wp\/v2\/product_tag?post=901"}],"curies":[{"name":"wp","href":"https:\/\/api.w.org\/{rel}","templated":true}]}}