{"id":908,"date":"2023-05-13T17:01:46","date_gmt":"2023-05-13T15:01:46","guid":{"rendered":"https:\/\/lookatme-biocosmetiques.barma-solutions.com\/?post_type=product&#038;p=908"},"modified":"2023-06-24T18:45:49","modified_gmt":"2023-06-24T16:45:49","slug":"leave-in-cheveux-crepus","status":"publish","type":"product","link":"https:\/\/lookatme-biocosmetiques.barma-solutions.com\/index.php\/produit\/leave-in-cheveux-crepus\/","title":{"rendered":"Leave-in cheveux cr\u00e9pus"},"content":{"rendered":"<p>Apr\u00e8s avoir utilis\u00e9 la ligne Amend Cachos , appliquez un peu de cr\u00e8me de d\u00e9finition, \u00e9talez sur la longueur des cheveux et froissez comme d&#8217;habitude. Pr\u00e9cautions : Conserver hors de port\u00e9e des enfants, dans un endroit frais et \u00e0 l&#8217;abri d&#8217;une forte lumi\u00e8re. Ne pas ing\u00e9rer. En cas de contact avec les yeux, rincer imm\u00e9diatement et abondamment \u00e0 l&#8217;eau. USAGE EXTERNE .<\/p>\n","protected":false},"excerpt":{"rendered":"<p>Le Leave-in Amend Cachos Crespos offre la d\u00e9finition id\u00e9ale pour les &#8230; <\/p>\n","protected":false},"featured_media":910,"comment_status":"open","ping_status":"closed","template":"","meta":[],"product_cat":[150,138,141],"product_tag":[],"_links":{"self":[{"href":"https:\/\/lookatme-biocosmetiques.barma-solutions.com\/index.php\/wp-json\/wp\/v3\/product\/908"}],"collection":[{"href":"https:\/\/lookatme-biocosmetiques.barma-solutions.com\/index.php\/wp-json\/wp\/v3\/product"}],"about":[{"href":"https:\/\/lookatme-biocosmetiques.barma-solutions.com\/index.php\/wp-json\/wp\/v2\/types\/product"}],"replies":[{"embeddable":true,"href":"https:\/\/lookatme-biocosmetiques.barma-solutions.com\/index.php\/wp-json\/wp\/v2\/comments?post=908"}],"wp:featuredmedia":[{"embeddable":true,"href":"https:\/\/lookatme-biocosmetiques.barma-solutions.com\/index.php\/wp-json\/wp\/v2\/media\/910"}],"wp:attachment":[{"href":"https:\/\/lookatme-biocosmetiques.barma-solutions.com\/index.php\/wp-json\/wp\/v2\/media?parent=908"}],"wp:term":[{"taxonomy":"product_cat","embeddable":true,"href":"https:\/\/lookatme-biocosmetiques.barma-solutions.com\/index.php\/wp-json\/wp\/v2\/product_cat?post=908"},{"taxonomy":"product_tag","embeddable":true,"href":"https:\/\/lookatme-biocosmetiques.barma-solutions.com\/index.php\/wp-json\/wp\/v2\/product_tag?post=908"}],"curies":[{"name":"wp","href":"https:\/\/api.w.org\/{rel}","templated":true}]}}