{"id":984,"date":"2023-06-24T18:33:56","date_gmt":"2023-06-24T16:33:56","guid":{"rendered":"https:\/\/lookatme-biocosmetiques.barma-solutions.com\/?post_type=product&#038;p=984"},"modified":"2023-06-24T18:38:48","modified_gmt":"2023-06-24T16:38:48","slug":"traitant-soin-purifiant-cheveux-gras-200ml-quantite-6","status":"publish","type":"product","link":"https:\/\/lookatme-biocosmetiques.barma-solutions.com\/index.php\/produit\/traitant-soin-purifiant-cheveux-gras-200ml-quantite-6\/","title":{"rendered":"TRAITANT SOIN PURIFIANT CHEVEUX GRAS 200ML (quantit\u00e9 6)"},"content":{"rendered":"","protected":false},"excerpt":{"rendered":"<p>COMPOSITION<\/p>\n<p>Ingr\u00e9dients phares<\/p>\n<p><strong><b>Argile verte<\/b><\/strong><\/p>\n<p>r\u00e9\u00e9quilibrante et absorbante, assainit le cuir chevelu, notamment gr\u00e2ce &#8230; <\/p>\n","protected":false},"featured_media":986,"comment_status":"open","ping_status":"closed","template":"","meta":[],"product_cat":[150,141],"product_tag":[],"_links":{"self":[{"href":"https:\/\/lookatme-biocosmetiques.barma-solutions.com\/index.php\/wp-json\/wp\/v3\/product\/984"}],"collection":[{"href":"https:\/\/lookatme-biocosmetiques.barma-solutions.com\/index.php\/wp-json\/wp\/v3\/product"}],"about":[{"href":"https:\/\/lookatme-biocosmetiques.barma-solutions.com\/index.php\/wp-json\/wp\/v2\/types\/product"}],"replies":[{"embeddable":true,"href":"https:\/\/lookatme-biocosmetiques.barma-solutions.com\/index.php\/wp-json\/wp\/v2\/comments?post=984"}],"wp:featuredmedia":[{"embeddable":true,"href":"https:\/\/lookatme-biocosmetiques.barma-solutions.com\/index.php\/wp-json\/wp\/v2\/media\/986"}],"wp:attachment":[{"href":"https:\/\/lookatme-biocosmetiques.barma-solutions.com\/index.php\/wp-json\/wp\/v2\/media?parent=984"}],"wp:term":[{"taxonomy":"product_cat","embeddable":true,"href":"https:\/\/lookatme-biocosmetiques.barma-solutions.com\/index.php\/wp-json\/wp\/v2\/product_cat?post=984"},{"taxonomy":"product_tag","embeddable":true,"href":"https:\/\/lookatme-biocosmetiques.barma-solutions.com\/index.php\/wp-json\/wp\/v2\/product_tag?post=984"}],"curies":[{"name":"wp","href":"https:\/\/api.w.org\/{rel}","templated":true}]}}